{"id":12,"date":"2015-07-06T19:39:02","date_gmt":"2015-07-06T19:39:02","guid":{"rendered":"http:\/\/anjafaller.de\/?page_id=12"},"modified":"2016-12-30T09:33:59","modified_gmt":"2016-12-30T09:33:59","slug":"vita","status":"publish","type":"page","link":"https:\/\/anjafaller.de\/?page_id=12","title":{"rendered":"Vita"},"content":{"rendered":"<p><img loading=\"lazy\" decoding=\"async\" class=\" size-medium wp-image-117 alignleft\" src=\"https:\/\/anjafaller.de\/wp-content\/uploads\/2015\/08\/anja-faller-st-maergen-247x300.jpg\" alt=\"anja-faller-st-maergen\" width=\"247\" height=\"300\" srcset=\"https:\/\/anjafaller.de\/wp-content\/uploads\/2015\/08\/anja-faller-st-maergen-247x300.jpg 247w, https:\/\/anjafaller.de\/wp-content\/uploads\/2015\/08\/anja-faller-st-maergen.jpg 370w\" sizes=\"auto, (max-width: 247px) 100vw, 247px\" \/><\/p>\n<p>Ich lebe in St. M\u00e4rgen im Schwarzwald, bin verheiratet und habe 3 Kinder.<br \/>\nGeboren 1963 als Tochter des Humoristen und Clowns Bruno Weber, bekam ich das Theaterspielen und die Clownerie direkt in die Wiege gelegt.<\/p>\n<p>Seit Anfang der 90er sammelte ich als Schauspielerin 7 Jahre lang Erfahrungen f\u00fcr Kindertheater am Galli-Theater Freiburg.<br \/>\nAn der Alemannischen B\u00fchne Freiburg stehe ich seit 2002 als Schauspielerin bei vielen Kom\u00f6dien auf der B\u00fchne.<br \/>\nDort leite ich das Alemannische-Jugendtheater und ist seit Oktober 2009 k\u00fcnstlerische Leiterin der Alemannischen B\u00fchne Freiburg.<\/p>\n<h2>&nbsp;<\/h2>\n<h2>&nbsp;<\/h2>\n<h2>&nbsp;<\/h2>\n<h2>&nbsp;<\/h2>\n<p>&nbsp;<\/p>\n<h2>Meine Ausbildung<\/h2>\n<h4>2016<\/h4>\n<p style=\"padding-left: 30px;\">Rhetorik-Seminar mit Johannes Warth: <strong><em>&#8222;Die Kunst der freien Rede&#8220;<br \/>\n<\/em><\/strong><a href=\"http:\/\/www.johannes-warth.de\" target=\"_blank\">www.johannes-warth.de<\/a><\/p>\n<h4>2015<\/h4>\n<p style=\"padding-left: 30px;\">Fortbildung bei Ton Kurstjens, holl\u00e4ndischer nonverbaler Clown:<em><strong>&nbsp;&#8222;The Clown from Heart to Heart&#8220;<\/strong><\/em><\/p>\n<h4>2014<\/h4>\n<p style=\"padding-left: 30px;\">Fortbildung f\u00fcr Bauchreden bei Patrick Martin &#8211; K\u00f6nig der Bauchredner<br \/>\nFortbildung f\u00fcr Bau von Klappmaulpuppen bei Norman Schneider -Figurenbau und Puppenspieler<\/p>\n<h4>2013<\/h4>\n<p style=\"padding-left: 30px;\">Fortbildung in der Maskenakademie f\u00fcr Maskenspiel und Maskenbau bei Thomas Rascher Familie Fl\u00f6z<\/p>\n<h4>2008 &#8211; 2011<\/h4>\n<p style=\"padding-left: 30px;\">Ausbildung an der staatlichen Berufsfachschule TUT Hannover, f\u00fcr Clown, Komik und Theater.<\/p>\n<h4>2005 \u2013 2007<\/h4>\n<p style=\"padding-left: 30px;\">Ausbildung zur Spiel-und Theaterp\u00e4dagogin an der Landesakademie f\u00fcr Jugendbildung in Weil der Stadt.<\/p>\n<p>&nbsp;<\/p>\n<p>&nbsp;<\/p>\n<p>&nbsp;<\/p>\n","protected":false},"excerpt":{"rendered":"<p>Ich lebe in St. M\u00e4rgen im Schwarzwald, bin verheiratet und habe 3 Kinder. Geboren 1963 <a class=\"more-link\" href=\"https:\/\/anjafaller.de\/?page_id=12\">mehr&#8230;<\/a><\/p>\n","protected":false},"author":2,"featured_media":0,"parent":0,"menu_order":5,"comment_status":"closed","ping_status":"closed","template":"","meta":{"ngg_post_thumbnail":0,"footnotes":""},"class_list":["post-12","page","type-page","status-publish","hentry"],"_links":{"self":[{"href":"https:\/\/anjafaller.de\/index.php?rest_route=\/wp\/v2\/pages\/12","targetHints":{"allow":["GET"]}}],"collection":[{"href":"https:\/\/anjafaller.de\/index.php?rest_route=\/wp\/v2\/pages"}],"about":[{"href":"https:\/\/anjafaller.de\/index.php?rest_route=\/wp\/v2\/types\/page"}],"author":[{"embeddable":true,"href":"https:\/\/anjafaller.de\/index.php?rest_route=\/wp\/v2\/users\/2"}],"replies":[{"embeddable":true,"href":"https:\/\/anjafaller.de\/index.php?rest_route=%2Fwp%2Fv2%2Fcomments&post=12"}],"version-history":[{"count":12,"href":"https:\/\/anjafaller.de\/index.php?rest_route=\/wp\/v2\/pages\/12\/revisions"}],"predecessor-version":[{"id":414,"href":"https:\/\/anjafaller.de\/index.php?rest_route=\/wp\/v2\/pages\/12\/revisions\/414"}],"wp:attachment":[{"href":"https:\/\/anjafaller.de\/index.php?rest_route=%2Fwp%2Fv2%2Fmedia&parent=12"}],"curies":[{"name":"wp","href":"https:\/\/api.w.org\/{rel}","templated":true}]}}