{"id":18,"date":"2015-07-06T19:44:41","date_gmt":"2015-07-06T19:44:41","guid":{"rendered":"http:\/\/anjafaller.de\/?page_id=18"},"modified":"2016-02-03T18:30:02","modified_gmt":"2016-02-03T18:30:02","slug":"fotos","status":"publish","type":"page","link":"https:\/\/anjafaller.de\/?page_id=18","title":{"rendered":"Figuren &#038; Fotos"},"content":{"rendered":"<p>&nbsp;<\/p>\n<p><a href=\"https:\/\/anjafaller.de\/?page_id=130\"><img loading=\"lazy\" decoding=\"async\" class=\" wp-image-129 alignleft\" src=\"https:\/\/anjafaller.de\/wp-content\/uploads\/2015\/08\/anja-faller-thusnelda-277x300.png\" alt=\"anja-faller-thusnelda\" width=\"232\" height=\"252\" srcset=\"https:\/\/anjafaller.de\/wp-content\/uploads\/2015\/08\/anja-faller-thusnelda-277x300.png 277w, https:\/\/anjafaller.de\/wp-content\/uploads\/2015\/08\/anja-faller-thusnelda.png 430w\" sizes=\"auto, (max-width: 232px) 100vw, 232px\" \/><\/a><\/p>\n<p>&nbsp;<\/p>\n<p><strong>Thusnelda<\/strong>\u00a0ist spontan, witzig, traurig, zu Tode betr\u00fcbt, lustig, frech und chaotisch.<br \/>\nSie\u00a0spielt Clowntheater f\u00fcr gro\u00df und klein, als Walk Act hat sie allerlei Maschinen dabei, die es eigentlich gar nicht gibt aber allen eine Menge Spa\u00df bereiten \u2013 Lassen sie sich \u00fcberraschen!<br \/>\nThusnelda moderiert auch Ihre Veranstaltung auf humorvolle und liebevolle Art!<\/p>\n<p><em><a href=\"https:\/\/anjafaller.de\/?page_id=130\">Bilder von Thusnelda<\/a><\/em><\/p>\n<p>&nbsp;<\/p>\n<p><a href=\"https:\/\/anjafaller.de\/?page_id=149\"><img loading=\"lazy\" decoding=\"async\" class=\" wp-image-158 alignleft\" src=\"https:\/\/anjafaller.de\/wp-content\/uploads\/2015\/08\/anja-faller-stromerchen-277x300.png\" alt=\"anja-faller-stromerchen\" width=\"217\" height=\"235\" srcset=\"https:\/\/anjafaller.de\/wp-content\/uploads\/2015\/08\/anja-faller-stromerchen-277x300.png 277w, https:\/\/anjafaller.de\/wp-content\/uploads\/2015\/08\/anja-faller-stromerchen.png 430w\" sizes=\"auto, (max-width: 217px) 100vw, 217px\" \/><\/a><\/p>\n<p>&nbsp;<\/p>\n<p><strong>Stromerchen<\/strong> ist in Auftrag von Badenove auf Entdeckungstour.\u00a0Ein Mitmachtheater f\u00fcr Kinder \u00fcber das Energiesparen.<\/p>\n<p><em><a href=\"https:\/\/anjafaller.de\/?page_id=149\">Bilder von Stromerchen<\/a><\/em><\/p>\n<p>&nbsp;<\/p>\n<p>&nbsp;<\/p>\n<p>&nbsp;<\/p>\n<p><a href=\"https:\/\/anjafaller.de\/wp-content\/uploads\/2015\/07\/anja-faller-kuckulina-abnoba.png\"><img loading=\"lazy\" decoding=\"async\" class=\"wp-image-281 alignleft\" src=\"https:\/\/anjafaller.de\/wp-content\/uploads\/2015\/07\/anja-faller-kuckulina-abnoba-277x300.png\" alt=\"\" width=\"217\" height=\"235\" srcset=\"https:\/\/anjafaller.de\/wp-content\/uploads\/2015\/07\/anja-faller-kuckulina-abnoba-277x300.png 277w, https:\/\/anjafaller.de\/wp-content\/uploads\/2015\/07\/anja-faller-kuckulina-abnoba.png 430w\" sizes=\"auto, (max-width: 217px) 100vw, 217px\" \/><\/a><\/p>\n<p>&nbsp;<\/p>\n<p><strong>Kuckulina Abnoba<\/strong> erz\u00e4hlt M\u00e4rchen aller Art. Sie sind uralt aber bis heute immer noch wichtig f\u00fcr gro\u00dfe und kleine Kinder.<br \/>\nBei Kuckulina Abnoba werden die M\u00e4rchengestalten lebendig, sie schl\u00fcpft in jede einzelne Figur und alle Zuh\u00f6rer werden immer wieder in das Geschehen mit eingebunden.<br \/>\nLassen Sie sich verzaubern! Als Walk-Act kommt sie zu jedem Fest und hat einen Wagen voller \u00dcberraschungen dabei\u00a0&#8211;\u00a0Zauberei, Farben und ganz viel Humor.<\/p>\n<p>&nbsp;<\/p>\n<p><img loading=\"lazy\" decoding=\"async\" class=\"wp-image-357 alignleft\" src=\"https:\/\/anjafaller.de\/wp-content\/uploads\/2015\/07\/anja-faller-muellfrauen-277x300.jpg\" alt=\"anja-faller-muellfrauen\" width=\"247\" height=\"268\" srcset=\"https:\/\/anjafaller.de\/wp-content\/uploads\/2015\/07\/anja-faller-muellfrauen-277x300.jpg 277w, https:\/\/anjafaller.de\/wp-content\/uploads\/2015\/07\/anja-faller-muellfrauen.jpg 430w\" sizes=\"auto, (max-width: 247px) 100vw, 247px\" \/><strong>Die zwei M\u00fcllfrauen Franzi &amp; Rosi<\/strong>\u00a0werden \u00fcberall gebraucht. Was<br \/>\ndie eine nicht wei\u00df, wei\u00df die andere ganz sicher. Sie nehmen das M\u00fcllsammeln\u00a0sehr ernst und machen auf ihre humorvolle Art ihre Arbeit.\u00a0Die beiden unterhalten alle gro\u00dfen und kleinen Besucher und G\u00e4ste\u00a0ohne aufdringlich zu sein.<\/p>\n<p><a href=\"https:\/\/anjafaller.de\/wp-content\/uploads\/2015\/07\/Flyer-Muellfrauen.pdf\" target=\"_blank\" rel=\"\">Flyer &#8211; M\u00fcllfrauen<\/a><\/p>\n<p>&nbsp;<\/p>\n<p>&nbsp;<\/p>\n<p>&nbsp;<\/p>\n<p><img loading=\"lazy\" decoding=\"async\" class=\" wp-image-359 alignleft\" src=\"https:\/\/anjafaller.de\/wp-content\/uploads\/2015\/07\/anjafaller-theatergruppe-277x300.jpg\" alt=\"anjafaller-theatergruppe\" width=\"228\" height=\"247\" srcset=\"https:\/\/anjafaller.de\/wp-content\/uploads\/2015\/07\/anjafaller-theatergruppe-277x300.jpg 277w, https:\/\/anjafaller.de\/wp-content\/uploads\/2015\/07\/anjafaller-theatergruppe.jpg 430w\" sizes=\"auto, (max-width: 228px) 100vw, 228px\" \/><\/p>\n<p>&nbsp;<\/p>\n<p>Mit<strong> Divertimento de la strada al dente<\/strong>\u00a0k\u00f6nnen Sie sich das passende Men\u00fc f\u00fcr Ihre Veranstaltung selbst zusammenstellen. Ob\u00a0Schauspiel humorvoller Figuren, Clownerie sowie Zaubern, Feuerkunst und vielem mehr &#8211; wir bringen alles in einem Kochtopf mit zu Ihrer Veranstaltung.<\/p>\n<p><a href=\"https:\/\/anjafaller.de\/wp-content\/uploads\/2015\/07\/Flyer-hauptmenu.pdf\" target=\"_blank\" rel=\"\">Flyer &#8211; Ihr Hauptmen\u00fc<\/a><\/p>\n<p>&nbsp;<\/p>\n<p><a href=\"https:\/\/anjafaller.de\/?page_id=147\"><img loading=\"lazy\" decoding=\"async\" class=\" wp-image-157 alignleft\" src=\"https:\/\/anjafaller.de\/wp-content\/uploads\/2015\/08\/anja-faller-puppenmasken-277x300.png\" alt=\"anja-faller-masken-puppen\" width=\"238\" height=\"258\" srcset=\"https:\/\/anjafaller.de\/wp-content\/uploads\/2015\/08\/anja-faller-puppenmasken-277x300.png 277w, https:\/\/anjafaller.de\/wp-content\/uploads\/2015\/08\/anja-faller-puppenmasken.png 430w\" sizes=\"auto, (max-width: 238px) 100vw, 238px\" \/><\/a><\/p>\n<p>&nbsp;<\/p>\n<p><strong>Klappmaulfiguren<br \/>\n<\/strong>Bei Norman Schneider habe ich den Bau von Klappmaulfiguren erlernt.<br \/>\nDie Puppen sind aus Schaumstoff hergestellt und haben daher ein leichtes Gewicht.<br \/>\nNach Ihren W\u00fcnschen fertige ich auch f\u00fcr Sie Ihre individuelle Klappmaulpuppe an.<\/p>\n<p><strong>Maskenbau und Maskenspiel<\/strong><br \/>\nBei Thomas Rascher, habe ich den Bau von Masken erlernt. Aus einem Topmodel wird die Maske entworfen und aus Pappmach\u00e9 wird sie fertiggestellt.<br \/>\nIm Maskenspiel wird der Spieler in einer besonderen Weise gefordert und mit Spiel-und Bewegungstraining wird die K\u00f6rperwahrnehmung erlernt.<br \/>\nKurse oder auch Projekte f\u00fcr Gruppen, Schulen uvm.<\/p>\n<p><em><a href=\"https:\/\/anjafaller.de\/?page_id=147\">Bilder vom Puppen- &amp; Maskenbau<\/a><\/em><\/p>\n<p>&nbsp;<\/p>\n<p>&nbsp;<\/p>\n","protected":false},"excerpt":{"rendered":"<p>&nbsp; &nbsp; Thusnelda\u00a0ist spontan, witzig, traurig, zu Tode betr\u00fcbt, lustig, frech und chaotisch. Sie\u00a0spielt Clowntheater <a class=\"more-link\" href=\"https:\/\/anjafaller.de\/?page_id=18\">mehr&#8230;<\/a><\/p>\n","protected":false},"author":2,"featured_media":0,"parent":0,"menu_order":6,"comment_status":"closed","ping_status":"closed","template":"","meta":{"ngg_post_thumbnail":0,"footnotes":""},"class_list":["post-18","page","type-page","status-publish","hentry"],"_links":{"self":[{"href":"https:\/\/anjafaller.de\/index.php?rest_route=\/wp\/v2\/pages\/18","targetHints":{"allow":["GET"]}}],"collection":[{"href":"https:\/\/anjafaller.de\/index.php?rest_route=\/wp\/v2\/pages"}],"about":[{"href":"https:\/\/anjafaller.de\/index.php?rest_route=\/wp\/v2\/types\/page"}],"author":[{"embeddable":true,"href":"https:\/\/anjafaller.de\/index.php?rest_route=\/wp\/v2\/users\/2"}],"replies":[{"embeddable":true,"href":"https:\/\/anjafaller.de\/index.php?rest_route=%2Fwp%2Fv2%2Fcomments&post=18"}],"version-history":[{"count":33,"href":"https:\/\/anjafaller.de\/index.php?rest_route=\/wp\/v2\/pages\/18\/revisions"}],"predecessor-version":[{"id":365,"href":"https:\/\/anjafaller.de\/index.php?rest_route=\/wp\/v2\/pages\/18\/revisions\/365"}],"wp:attachment":[{"href":"https:\/\/anjafaller.de\/index.php?rest_route=%2Fwp%2Fv2%2Fmedia&parent=18"}],"curies":[{"name":"wp","href":"https:\/\/api.w.org\/{rel}","templated":true}]}}