{"id":23,"date":"2015-07-06T19:47:08","date_gmt":"2015-07-06T19:47:08","guid":{"rendered":"http:\/\/anjafaller.de\/?page_id=23"},"modified":"2017-10-13T20:27:43","modified_gmt":"2017-10-13T20:27:43","slug":"presse","status":"publish","type":"page","link":"https:\/\/anjafaller.de\/?page_id=23","title":{"rendered":"Presse"},"content":{"rendered":"<h3><img loading=\"lazy\" decoding=\"async\" class=\"alignnone size-medium wp-image-438\" src=\"https:\/\/anjafaller.de\/wp-content\/uploads\/2015\/07\/anja-faller-theaterkurs-2017-300x205.jpg\" alt=\"\" width=\"300\" height=\"205\" srcset=\"https:\/\/anjafaller.de\/wp-content\/uploads\/2015\/07\/anja-faller-theaterkurs-2017-300x205.jpg 300w, https:\/\/anjafaller.de\/wp-content\/uploads\/2015\/07\/anja-faller-theaterkurs-2017.jpg 590w\" sizes=\"auto, (max-width: 300px) 100vw, 300px\" \/><\/h3>\n<h3>&#8222;Mehr als Wellness im Theaterkurs&#8220;<\/h3>\n<p>(<em>Badische Zeitung , 04. M\u00e4rz2017<\/em>)<\/p>\n<p>&#8222;ST. M\u00c4RGEN (jug). Sprudelndes Wasser im Whirlpool, eine kr\u00e4ftige Massage, w\u00e4hrenddessen ein Gl\u00e4schen Sekt \u2013 das ist Wellness. Anja Faller, die mit einem Wellnesstheater in St. M\u00e4rgen wirbt, kann ihren Teilnehmern solchen Luxus zwar nicht bieten&#8220;&#8230;.<\/p>\n<p><a href=\"http:\/\/www.badische-zeitung.de\/mehr-als-wellness-im-theaterkurs\" target=\"_blank\" rel=\"noopener\">mehr lesen&#8230;<\/a><\/p>\n<hr>\n<h3>&nbsp;<img loading=\"lazy\" decoding=\"async\" class=\"alignnone wp-image-435 size-medium\" src=\"https:\/\/anjafaller.de\/wp-content\/uploads\/2015\/07\/anja-faller-maskenbau-300x206.jpg\" alt=\"\" width=\"300\" height=\"206\" srcset=\"https:\/\/anjafaller.de\/wp-content\/uploads\/2015\/07\/anja-faller-maskenbau-300x206.jpg 300w, https:\/\/anjafaller.de\/wp-content\/uploads\/2015\/07\/anja-faller-maskenbau-768x528.jpg 768w, https:\/\/anjafaller.de\/wp-content\/uploads\/2015\/07\/anja-faller-maskenbau.jpg 1024w\" sizes=\"auto, (max-width: 300px) 100vw, 300px\" \/><\/h3>\n<h3>&#8222;Mal leise, mal laute, mal gar keine Kl\u00e4nge&#8220;<\/h3>\n<p>(<em>Badische Zeitung , 22. September 2017<\/em>)<\/p>\n<p>&#8222;Das Maskentheater&nbsp;<span class=\"ngBold\">Compagnia Mutabile<\/span>&nbsp;mit Anja Faller, Schauspielerin aus St. Peter, zeigte eindrucksvoll, was ohne Mimik und Sprache alles m\u00f6glich ist. Die Geschichte eines \u00e4lteren Ehepaars auf einer Parkbank brachte das Publikum schnell in Stimmung und sorgte f\u00fcr langanhaltendes lautes Lachen&#8220;&#8230;.<\/p>\n<p><a href=\"http:\/\/www.badische-zeitung.de\/mal-leise-mal-laute-mal-gar-keine-klaenge\" target=\"_blank\" rel=\"noopener\">mehr lesen&#8230;<\/a><\/p>\n<hr>\n<h3>&nbsp;<a href=\"https:\/\/www.youtube.com\/watch?v=VRYtU-TEqt8&amp;feature=em-upload_owner\" target=\"_blank\" rel=\"noopener\"><img loading=\"lazy\" decoding=\"async\" class=\"alignnone wp-image-416 size-medium\" src=\"https:\/\/anjafaller.de\/wp-content\/uploads\/2015\/07\/anja-faller-solothurn-maskentheater-300x170.png\" width=\"300\" height=\"170\" srcset=\"https:\/\/anjafaller.de\/wp-content\/uploads\/2015\/07\/anja-faller-solothurn-maskentheater-300x170.png 300w, https:\/\/anjafaller.de\/wp-content\/uploads\/2015\/07\/anja-faller-solothurn-maskentheater-768x435.png 768w, https:\/\/anjafaller.de\/wp-content\/uploads\/2015\/07\/anja-faller-solothurn-maskentheater-1024x580.png 1024w, https:\/\/anjafaller.de\/wp-content\/uploads\/2015\/07\/anja-faller-solothurn-maskentheater-350x197.png 350w, https:\/\/anjafaller.de\/wp-content\/uploads\/2015\/07\/anja-faller-solothurn-maskentheater-860x484.png 860w, https:\/\/anjafaller.de\/wp-content\/uploads\/2015\/07\/anja-faller-solothurn-maskentheater.png 1323w\" sizes=\"auto, (max-width: 300px) 100vw, 300px\" \/><\/a><\/h3>\n<h3>&#8222;11. Solothurner Kleinkunsttag mit Compagnia Mutabile, Studer und Stampfli&#8220; &#8211; Videoclip<\/h3>\n<p>(<em>Jump Television , 21.01.2017<\/em>)<\/p>\n<p>Beim 11.Solothurner Kleinkunsttag in der Kulturfabrik Kofmehl gab es wieder einmal im Zehnminutentakt musikalische, theatralische, kom\u00f6diantische und artistische H\u00f6hepunkte zu erleben&#8230;<\/p>\n<p><a href=\"https:\/\/www.youtube.com\/watch?v=VRYtU-TEqt8&amp;feature=em-upload_owner\" target=\"_blank\" rel=\"noopener\">Jetzt anschauen&#8230;<\/a><\/p>\n<hr>\n<h3><img loading=\"lazy\" decoding=\"async\" class=\"alignnone wp-image-409\" src=\"https:\/\/anjafaller.de\/wp-content\/uploads\/2015\/07\/128582463-p-590_450-293x300.jpg\" alt=\"128582463-p-590_450\" width=\"276\" height=\"283\" srcset=\"https:\/\/anjafaller.de\/wp-content\/uploads\/2015\/07\/128582463-p-590_450-293x300.jpg 293w, https:\/\/anjafaller.de\/wp-content\/uploads\/2015\/07\/128582463-p-590_450.jpg 439w\" sizes=\"auto, (max-width: 276px) 100vw, 276px\" \/><\/h3>\n<h3>&#8222;Mit Masken&nbsp;&#8211; und ohne Worte&#8220;<\/h3>\n<p><em>(Badische Zeitung, 14. Oktober 2016)<\/em><\/p>\n<p>&#8222;ST. PETER. Ein faszinierendes Theaterst\u00fcck ganz ohne Worte war jetzt im Pfarrheim in St. Peter zu sehen. &#8222;Piazza&#8220; wurde von drei Schauspielern mit ausdrucksstarken Masken und viel K\u00f6rpersprache gespielt. Compagnia Mutabile nennt sich das Team, dem auch eine Musikerin und ein Techniker angeh\u00f6ren.<\/p>\n<p><a href=\"http:\/\/www.badische-zeitung.de\/st-peter\/mit-masken-und-ohne-worte--128582467.html\" target=\"_blank\" rel=\"noopener\">Mehr lesen&#8230;<\/a><\/p>\n<hr>\n<h3><img loading=\"lazy\" decoding=\"async\" class=\"alignnone size-medium wp-image-411\" src=\"https:\/\/anjafaller.de\/wp-content\/uploads\/2015\/07\/125370500-p-590_450-231x300.jpg\" alt=\"125370500-p-590_450\" width=\"231\" height=\"300\" srcset=\"https:\/\/anjafaller.de\/wp-content\/uploads\/2015\/07\/125370500-p-590_450-231x300.jpg 231w, https:\/\/anjafaller.de\/wp-content\/uploads\/2015\/07\/125370500-p-590_450.jpg 347w\" sizes=\"auto, (max-width: 231px) 100vw, 231px\" \/><\/h3>\n<h3>&#8222;Clown Thusnelda macht Ferien &#8211; in L\u00f6ffingen&#8220;<\/h3>\n<p><em>(Badische Zeitung, 27. Juli 2016)<\/em><\/p>\n<p>&#8222;THUSNELDA MACHT FERIEN Die Tourist-Information L\u00f6ffingen l\u00e4dt am Donnerstag, 28. Juli, Kinder ab vier Jahren zu &#8222;Thusnelda macht Ferien&#8220; ein. Thusnelda m\u00f6chte in den Ferien Camping machen. Sie hat gelesen, dass man da viele Abenteuer erleben kann, von wilden Tieren, und von Geistergeschichten und vielem mehr. Das klingt aufregend!&#8220;<\/p>\n<p><a href=\"http:\/\/www.badische-zeitung.de\/loeffingen\/clown-thusnelda-macht-ferien-in-loeffingen--125368914.html\" target=\"_blank\" rel=\"noopener\">Mehr lesen&#8230;<\/a><\/p>\n<hr>\n<p><img loading=\"lazy\" decoding=\"async\" class=\"alignnone wp-image-373 size-medium\" src=\"https:\/\/anjafaller.de\/wp-content\/uploads\/2015\/07\/anja-faller-maskentheater-217x300.jpg\" alt=\"\" width=\"217\" height=\"300\" srcset=\"https:\/\/anjafaller.de\/wp-content\/uploads\/2015\/07\/anja-faller-maskentheater-217x300.jpg 217w, https:\/\/anjafaller.de\/wp-content\/uploads\/2015\/07\/anja-faller-maskentheater.jpg 277w\" sizes=\"auto, (max-width: 217px) 100vw, 217px\" \/><\/p>\n<h3>&#8222;Geschichten und Gef\u00fchle ohne Worte&#8220;<\/h3>\n<p><em>(Solothurner Zeitung, 06. M\u00e4rz 2016)<\/em><\/p>\n<p>&#8222;Da wirkt also Berta in ihrem Kiosk in der Kleinstadt, gleich neben der Friseuse und dem kleinen Treffpunktb\u00e4nklein, wo sich das alte Paar mit seinen eingeschliffenen und nicht mehr ganz so fitten Bewegungen niederl\u00e4sst, da tauchen eine mafi\u00f6se Gestalt auf, ein Zeitungsleser, die Coiffeuse, ein Bauherr und Schlitzohr-Politiker, eine Sch\u00f6nheit, ein Planer und schliesslich die Bauarbeiter, und wir alle begreifen: diese ganze Kiosk-Idylle muss weg, den Neubauten weichen, \u201amodernisiert\u2018 werden&#8230;.&#8220;<\/p>\n<p><a href=\"http:\/\/www.solothurnerzeitung.ch\/beitrag\/leserbeitrag\/geschichten-und-gefuehle-ohne-worte-130112771\" target=\"_blank\" rel=\"noopener\">Mehr lesen&#8230;<\/a><\/p>\n<hr>\n<p>&nbsp;<\/p>\n<p><img loading=\"lazy\" decoding=\"async\" class=\"alignnone wp-image-368 \" src=\"https:\/\/anjafaller.de\/wp-content\/uploads\/2015\/07\/anja-faller-fasnet-2016-300x258.jpg\" alt=\"\" width=\"247\" height=\"212\" srcset=\"https:\/\/anjafaller.de\/wp-content\/uploads\/2015\/07\/anja-faller-fasnet-2016-300x258.jpg 300w, https:\/\/anjafaller.de\/wp-content\/uploads\/2015\/07\/anja-faller-fasnet-2016-768x660.jpg 768w, https:\/\/anjafaller.de\/wp-content\/uploads\/2015\/07\/anja-faller-fasnet-2016-1024x880.jpg 1024w, https:\/\/anjafaller.de\/wp-content\/uploads\/2015\/07\/anja-faller-fasnet-2016.jpg 1191w\" sizes=\"auto, (max-width: 247px) 100vw, 247px\" \/><\/p>\n<h3>&#8222;Dachkirnerpfiefer rocken Festhalle in St. Peter&#8220;<\/h3>\n<p><em>(Badische Zeitung, 09. Februar 2016)<\/em><\/p>\n<p>&#8222;Diese bew\u00e4hrte Mischung wird gleich personifiziert durch den Auftritt von Anja Faller, die als urkomische Clownin durch den Abend f\u00fchrt, zus\u00e4tzlich gew\u00fcrzt durch eigene Solonummern. Sie tritt damit w\u00fcrdig in die Fu\u00dfstapfen ihres Vaters Bruno Weber, der in dieser Funktion an gleicher Stelle jahrzehntelang aktiv war und der in St. Peter unvergessen ist&#8230;&#8220;<\/p>\n<p><a href=\"http:\/\/www.badische-zeitung.de\/st-peter\/dachkirnerpfiefer-rocken-festhalle-in-st-peter--117250136.html\" target=\"_blank\" rel=\"noopener\">Mehr lesen&#8230;<\/a><\/p>\n<hr>\n<p>&nbsp;<\/p>\n<h3>&#8222;Einen Vergleich wert&#8220;<\/h3>\n<p><em>(Unima Figura, Schweiz, 15. Oktober 2015)<\/em><\/p>\n<p>&#8222;Die Compagnia Mutabile an der Premiere von &#8222;Piazza&#8220; mit pr\u00e4zisem Maskenspiel und einer unterhaltsamen Geschichte&#8230;&#8220;<\/p>\n<p><a href=\"https:\/\/anjafaller.de\/wp-content\/uploads\/2015\/07\/anja-faller-st-maergen-schweiz.jpg\" target=\"_blank\" rel=\"noopener\"><img loading=\"lazy\" decoding=\"async\" class=\"alignnone wp-image-344 size-medium\" src=\"https:\/\/anjafaller.de\/wp-content\/uploads\/2015\/07\/anja-faller-st-maergen-schweiz-198x300.jpg\" alt=\"anja-faller-st-maergen-schweiz\" width=\"198\" height=\"300\" srcset=\"https:\/\/anjafaller.de\/wp-content\/uploads\/2015\/07\/anja-faller-st-maergen-schweiz-198x300.jpg 198w, https:\/\/anjafaller.de\/wp-content\/uploads\/2015\/07\/anja-faller-st-maergen-schweiz-676x1024.jpg 676w, https:\/\/anjafaller.de\/wp-content\/uploads\/2015\/07\/anja-faller-st-maergen-schweiz.jpg 1161w\" sizes=\"auto, (max-width: 198px) 100vw, 198px\" \/><\/a><\/p>\n<p>&nbsp;<\/p>\n<hr>\n<p>&nbsp;<\/p>\n<p><img loading=\"lazy\" decoding=\"async\" class=\" wp-image-116 alignnone\" src=\"https:\/\/anjafaller.de\/wp-content\/uploads\/2015\/08\/anja-faller-rotkaeppchen-300x222.jpg\" alt=\"anja-faller-waldstueck\" width=\"231\" height=\"171\" srcset=\"https:\/\/anjafaller.de\/wp-content\/uploads\/2015\/08\/anja-faller-rotkaeppchen-300x222.jpg 300w, https:\/\/anjafaller.de\/wp-content\/uploads\/2015\/08\/anja-faller-rotkaeppchen.jpg 590w\" sizes=\"auto, (max-width: 231px) 100vw, 231px\" \/><\/p>\n<h3>&#8222;Mit Rotk\u00e4ppchen im Wald unterwegs&#8220;<\/h3>\n<p><em>(Badische Zeitung, 30. Oktober 2014)<\/em><\/p>\n<p>&#8222;Rotk\u00e4ppchen kennt ja jedes Kind. Aber so wie zahlreiche Kinder und Erwachsenen Rotk\u00e4ppchen am Samstag im Rahmen der Hubertuswoche erlebten, hat es wohl noch niemand gekannt. M\u00e4rchenerz\u00e4hlerin Anja Faller erz\u00e4hlte die Geschichte auf eine ganz besondere Art und Weise.<\/p>\n<p><a href=\"http:\/\/www.badische-zeitung.de\/hinterzarten\/mit-rotkaeppchen-im-wald-unterwegs--93763426.html\" target=\"_blank\" rel=\"noopener\">Mehr lesen&#8230;<\/a><\/p>\n<hr>\n<p><img loading=\"lazy\" decoding=\"async\" class=\" wp-image-117 alignnone\" src=\"https:\/\/anjafaller.de\/wp-content\/uploads\/2015\/08\/anja-faller-st-maergen-247x300.jpg\" alt=\"anja-faller-st-maergen\" width=\"231\" height=\"281\" srcset=\"https:\/\/anjafaller.de\/wp-content\/uploads\/2015\/08\/anja-faller-st-maergen-247x300.jpg 247w, https:\/\/anjafaller.de\/wp-content\/uploads\/2015\/08\/anja-faller-st-maergen.jpg 370w\" sizes=\"auto, (max-width: 231px) 100vw, 231px\" \/><\/p>\n<h3>&#8222;Liebend gerne auf der B\u00fchne&#8220;<\/h3>\n<p><em>(Badische Zeitung, 4. September 2013)<\/em><\/p>\n<p>&#8222;Theater hab ich schon immer gemacht&#8220;, strahlt Anja Faller. Ihre Liebe zum Theaterspielen ist nicht zu \u00fcbersehen. Anja Faller tritt auf als Clown, spielt in Kom\u00f6dien mit, \u00fcbertr\u00e4gt St\u00fccke ins Alemannische, verfasst auch selber welche, f\u00fchrt Regie und bietet Kurse an.<\/p>\n<p><a href=\"http:\/\/www.badische-zeitung.de\/st-maergen\/liebend-gerne-auf-der-buehne--74924017.html\" target=\"_blank\" rel=\"noopener\">Mehr lesen&#8230;<\/a><\/p>\n<hr>\n<h2>Kinder-Mitmachtheater &#8222;Prima Klima&#8220; &#8211; Tour<\/h2>\n<p><img loading=\"lazy\" decoding=\"async\" class=\"alignnone size-medium wp-image-112\" src=\"https:\/\/anjafaller.de\/wp-content\/uploads\/2015\/08\/anja-faller-theater-clown-300x225.jpg\" alt=\"anja-faller-clowntheater\" width=\"300\" height=\"225\" srcset=\"https:\/\/anjafaller.de\/wp-content\/uploads\/2015\/08\/anja-faller-theater-clown-300x225.jpg 300w, https:\/\/anjafaller.de\/wp-content\/uploads\/2015\/08\/anja-faller-theater-clown.jpg 600w\" sizes=\"auto, (max-width: 300px) 100vw, 300px\" \/><\/p>\n<h3>&#8222;Begeisterte Kinder beim Badenova-Mitmachtheater &#8222;Prima Klima&#8220;<\/h3>\n<p><em>(Regiotrends, 24. April 2013)<\/em><\/p>\n<p>\u00dcber 50 Kinder h\u00f6rten im Servicecenter Breisach die spannende und lehrreiche Klimaschutzgeschichte mit dem Titel \u201ePrima Klima\u201c. \u201eWie entlarven wir Energiefresser? Wie k\u00f6nnen wir im Alltag mithelfen, Energie zu sparen?\u201c<\/p>\n<p><a href=\"http:\/\/www.regiotrends.de\/39e89ae4e829d6c572bf6f7fd4d279fe\/de\/verbraucher-wirtschaft\/index.news.202237.html\" target=\"_blank\" rel=\"noopener\">Mehr lesen&#8230;<\/a><\/p>\n<hr>\n<p><img loading=\"lazy\" decoding=\"async\" class=\"alignnone size-medium wp-image-111\" src=\"https:\/\/anjafaller.de\/wp-content\/uploads\/2015\/08\/anja-faller-clown-300x210.jpg\" alt=\"anja-faller-clowntheater-lahr\" width=\"300\" height=\"210\" srcset=\"https:\/\/anjafaller.de\/wp-content\/uploads\/2015\/08\/anja-faller-clown-300x210.jpg 300w, https:\/\/anjafaller.de\/wp-content\/uploads\/2015\/08\/anja-faller-clown.jpg 600w\" sizes=\"auto, (max-width: 300px) 100vw, 300px\" \/><\/p>\n<h3>&#8222;Begeisterte Kinder beim Badenova-Mitmachtheater &#8222;Prima Klima&#8220;<\/h3>\n<p><em>(Regiotrends, 22. April 2013)<\/em><\/p>\n<p>Begeisterte Kinder beim Badenova-Mitmachtheater &#8222;Prima Klima&#8220; &#8211; Alle Veranstaltungen mit der Theater-P\u00e4dagogin Anja Faller sind ausgebucht.<\/p>\n<p><a href=\"http:\/\/www.regiotrends.de\/de\/regiomix\/index.news.201983.html\" target=\"_blank\" rel=\"noopener\">Mehr lesen&#8230;<\/a><\/p>\n<hr>\n<p><img loading=\"lazy\" decoding=\"async\" class=\"alignnone size-medium wp-image-114\" src=\"https:\/\/anjafaller.de\/wp-content\/uploads\/2015\/08\/anja-faller-prima-klima-300x257.jpg\" alt=\"anja-faller-clowntheater-kirchzarten\" width=\"300\" height=\"257\" srcset=\"https:\/\/anjafaller.de\/wp-content\/uploads\/2015\/08\/anja-faller-prima-klima-300x257.jpg 300w, https:\/\/anjafaller.de\/wp-content\/uploads\/2015\/08\/anja-faller-prima-klima.jpg 526w\" sizes=\"auto, (max-width: 300px) 100vw, 300px\" \/><\/p>\n<h3>&#8222;PRIMA KLIMA!&#8220; F\u00dcR KINDER<\/h3>\n<p><em>(Badische Zeitung, 16. April 2013)<\/em><\/p>\n<p>F\u00dcR KINDER pr\u00e4sentierte Clownin Anja Faller in Kirchzarten das St\u00fcck &#8222;Prima Klima!&#8220;. Sie ist &#8222;Stromerchen&#8220; und sucht mit ihrem Hund &#8222;Baddi&#8220; Stromfresser und Umwelts\u00fcnder. Im Vordergrund standen Spa\u00df, gemeinsames Singen und der Dialog zwischen Darstellern und Kindern.<\/p>\n<p><a href=\"http:\/\/www.badische-zeitung.de\/kirchzarten\/fuer-kinder-xuemaw3qx--70918087.html\" target=\"_blank\" rel=\"noopener\">Mehr lesen&#8230;<\/a><\/p>\n<hr>\n<p><img loading=\"lazy\" decoding=\"async\" class=\"alignnone size-medium wp-image-113\" src=\"https:\/\/anjafaller.de\/wp-content\/uploads\/2015\/08\/anja-faller-videoclip-300x226.jpg\" alt=\"anja-faller-videoclip\" width=\"300\" height=\"226\" srcset=\"https:\/\/anjafaller.de\/wp-content\/uploads\/2015\/08\/anja-faller-videoclip-300x226.jpg 300w, https:\/\/anjafaller.de\/wp-content\/uploads\/2015\/08\/anja-faller-videoclip.jpg 473w\" sizes=\"auto, (max-width: 300px) 100vw, 300px\" \/><\/p>\n<h3>&#8222;Kindertheater&#8220; &#8211; Videoclip<\/h3>\n<p><em>(freiburger messe.TV)<\/em><\/p>\n<p><a href=\"http:\/\/suedbadisches-medienhaus.de\/?option=com_videobeitraege&amp;view=videobeitrag&amp;Itemid=509&amp;frontpage=1\" target=\"_blank\" rel=\"noopener\">Jetzt anschauen&#8230;<\/a><\/p>\n<hr>\n<h2>Regiearbeit<\/h2>\n<p><img loading=\"lazy\" decoding=\"async\" class=\"alignnone size-medium wp-image-115\" src=\"https:\/\/anjafaller.de\/wp-content\/uploads\/2015\/08\/anja-faller-regiearbeit-201x300.jpg\" alt=\"anja-faller-st-maergen\" width=\"201\" height=\"300\" srcset=\"https:\/\/anjafaller.de\/wp-content\/uploads\/2015\/08\/anja-faller-regiearbeit-201x300.jpg 201w, https:\/\/anjafaller.de\/wp-content\/uploads\/2015\/08\/anja-faller-regiearbeit.jpg 301w\" sizes=\"auto, (max-width: 201px) 100vw, 201px\" \/><\/p>\n<h3>&#8222;Neuer Trend zur Mundart &#8211; BZ-INTERVIEW: Anja Faller inszeniert ein Kinderst\u00fcck im Dialekt&#8220;<\/h3>\n<p><em>(Badischen Zeitung, 05. Dezember 2011)<\/em><\/p>\n<p>&#8222;D\u2019klei Hex&#8220; , so hei\u00dft das erste Kinderst\u00fcck der Freiburger Alemannischen B\u00fchne, das am Sonntag Premiere feiert. Regisseurin Anja Faller ist seit 2010 die k\u00fcnstlerische Leiterin&#8230;<\/p>\n<p><a href=\"http:\/\/www.badische-zeitung.de\/theater-vorschau\/neuer-trend-zur-mundart--52703407.html\" target=\"_blank\" rel=\"noopener\">Mehr lesen&#8230;<\/a><\/p>\n<p>&nbsp;<\/p>\n<p>&nbsp;<\/p>\n","protected":false},"excerpt":{"rendered":"<p>&#8222;Mehr als Wellness im Theaterkurs&#8220; (Badische Zeitung , 04. M\u00e4rz2017) &#8222;ST. M\u00c4RGEN (jug). Sprudelndes Wasser <a class=\"more-link\" href=\"https:\/\/anjafaller.de\/?page_id=23\">mehr&#8230;<\/a><\/p>\n","protected":false},"author":2,"featured_media":0,"parent":0,"menu_order":7,"comment_status":"closed","ping_status":"closed","template":"","meta":{"ngg_post_thumbnail":0,"footnotes":""},"class_list":["post-23","page","type-page","status-publish","hentry"],"_links":{"self":[{"href":"https:\/\/anjafaller.de\/index.php?rest_route=\/wp\/v2\/pages\/23","targetHints":{"allow":["GET"]}}],"collection":[{"href":"https:\/\/anjafaller.de\/index.php?rest_route=\/wp\/v2\/pages"}],"about":[{"href":"https:\/\/anjafaller.de\/index.php?rest_route=\/wp\/v2\/types\/page"}],"author":[{"embeddable":true,"href":"https:\/\/anjafaller.de\/index.php?rest_route=\/wp\/v2\/users\/2"}],"replies":[{"embeddable":true,"href":"https:\/\/anjafaller.de\/index.php?rest_route=%2Fwp%2Fv2%2Fcomments&post=23"}],"version-history":[{"count":25,"href":"https:\/\/anjafaller.de\/index.php?rest_route=\/wp\/v2\/pages\/23\/revisions"}],"predecessor-version":[{"id":439,"href":"https:\/\/anjafaller.de\/index.php?rest_route=\/wp\/v2\/pages\/23\/revisions\/439"}],"wp:attachment":[{"href":"https:\/\/anjafaller.de\/index.php?rest_route=%2Fwp%2Fv2%2Fmedia&parent=23"}],"curies":[{"name":"wp","href":"https:\/\/api.w.org\/{rel}","templated":true}]}}