{"id":48,"date":"2015-07-22T16:39:06","date_gmt":"2015-07-22T16:39:06","guid":{"rendered":"http:\/\/anjafaller.de\/?page_id=48"},"modified":"2015-09-23T15:13:04","modified_gmt":"2015-09-23T15:13:04","slug":"theaterpaedagogik","status":"publish","type":"page","link":"https:\/\/anjafaller.de\/?page_id=48","title":{"rendered":"Theaterp\u00e4dagogik"},"content":{"rendered":"<p>Ich gestalte mit Ihnen zahlreiche Lernfelder, um Ihre pers\u00f6nlichen und strukturellen Entwicklung zu f\u00f6rdern. Daf\u00fcr gestaltet die\u00a0Theaterp\u00e4dagogik eine eigenst\u00e4ndige Disziplin\u00a0der\u00a0Bereiche Theater und P\u00e4dagogik &#8211; F\u00fcr Jung und Alt.<\/p>\n<p>F\u00fcr Folgende Bereiche biete ich Workshops an:<\/p>\n<h3>Tanz &amp; Theater an Schulen<\/h3>\n<p style=\"padding-left: 30px;\">Ich biete Tanz- und Theaterprojekte an Schulen sowie AGs.<\/p>\n<h3>Seniorentheater<\/h3>\n<p style=\"padding-left: 30px;\">Theaterspielen kennt keine Grenzen, auch keine Altersgrenze. Es gibt eine Vielzahl unterschiedlicher M\u00f6glichkeiten f\u00fcr \u00e4ltere Menschen, am gesellschaftlichen Leben teilzunehmen: Theaterspielen ist eine davon.\u00a0Erinnerungen und Erfahrungen spielen dabei eine wichtige Rolle. Es findet eine Begegnung und ein Austausch statt. Senioren von heute sind r\u00fcstig, geistig rege und kreative Menschen.<\/p>\n<p style=\"padding-left: 30px;\">Die k\u00fcnstlerische T\u00e4tigkeit f\u00f6rdert die innere Beweglichkeit und kann zu einer positiven Lebensbilanz f\u00fchren. Es geht darum, dem reichen Schatz an Erfahrungen eine Form zu geben und sie zu verwandeln, statt innerlich zu erstarren.<\/p>\n<h3>Theater- und Clownworkshops f\u00fcr Jung und Alt<\/h3>\n<p style=\"padding-left: 30px;\">In jedem steckt ein Clown der geweckt werden muss. Damit wollen wir mit einfachen &#8222;Clownregeln&#8220; beginnen. Frisch von der Leber weg arbeiten wir an der Spielfreude des Clowns.<\/p>\n<p style=\"padding-left: 30px;\">&#8222;<em>Um Clown zu sein zu k\u00f6nnen, muss man intelligenter, muss man menschlicher und feinf\u00fchliger sein und mehr Herz als all die anderen haben.<\/em>&#8220; (Charlie Rivel)<\/p>\n<h3>Unternehmenstheater<\/h3>\n<p style=\"padding-left: 30px;\">Schauspiel im Business-Bereich f\u00f6rdert den fr\u00f6hlichen Umgang im Team. Gerne komme ich auch in Ihr Unternehmen, um Ihre Mitarbeiter zu motivieren, Prozess im Unternehmen anzusto\u00dfen und die Firmenfeier humorvoll zu gestalten.<\/p>\n<h3>Walk-Acts<\/h3>\n<p style=\"padding-left: 30px;\">Mit ausgefallenen Walk-Acts seine Pers\u00f6nlichkeit mal ganz anders Kennenlernen.\u00a0Mit ausgefallenen Walk-Acts seine Pers\u00f6nlichkeit mal ganz anders Kennenlernen.<\/p>\n<h3><a href=\"https:\/\/anjafaller.de\/?page_id=16\">Meine bisherigen Projekte&#8230;<\/a><\/h3>\n","protected":false},"excerpt":{"rendered":"<p>Ich gestalte mit Ihnen zahlreiche Lernfelder, um Ihre pers\u00f6nlichen und strukturellen Entwicklung zu f\u00f6rdern. Daf\u00fcr <a class=\"more-link\" href=\"https:\/\/anjafaller.de\/?page_id=48\">mehr&#8230;<\/a><\/p>\n","protected":false},"author":2,"featured_media":262,"parent":20,"menu_order":0,"comment_status":"closed","ping_status":"closed","template":"","meta":{"ngg_post_thumbnail":0,"footnotes":""},"class_list":["post-48","page","type-page","status-publish","has-post-thumbnail","hentry"],"_links":{"self":[{"href":"https:\/\/anjafaller.de\/index.php?rest_route=\/wp\/v2\/pages\/48","targetHints":{"allow":["GET"]}}],"collection":[{"href":"https:\/\/anjafaller.de\/index.php?rest_route=\/wp\/v2\/pages"}],"about":[{"href":"https:\/\/anjafaller.de\/index.php?rest_route=\/wp\/v2\/types\/page"}],"author":[{"embeddable":true,"href":"https:\/\/anjafaller.de\/index.php?rest_route=\/wp\/v2\/users\/2"}],"replies":[{"embeddable":true,"href":"https:\/\/anjafaller.de\/index.php?rest_route=%2Fwp%2Fv2%2Fcomments&post=48"}],"version-history":[{"count":14,"href":"https:\/\/anjafaller.de\/index.php?rest_route=\/wp\/v2\/pages\/48\/revisions"}],"predecessor-version":[{"id":334,"href":"https:\/\/anjafaller.de\/index.php?rest_route=\/wp\/v2\/pages\/48\/revisions\/334"}],"up":[{"embeddable":true,"href":"https:\/\/anjafaller.de\/index.php?rest_route=\/wp\/v2\/pages\/20"}],"wp:featuredmedia":[{"embeddable":true,"href":"https:\/\/anjafaller.de\/index.php?rest_route=\/wp\/v2\/media\/262"}],"wp:attachment":[{"href":"https:\/\/anjafaller.de\/index.php?rest_route=%2Fwp%2Fv2%2Fmedia&parent=48"}],"curies":[{"name":"wp","href":"https:\/\/api.w.org\/{rel}","templated":true}]}}