{"id":50,"date":"2015-07-22T16:39:44","date_gmt":"2015-07-22T16:39:44","guid":{"rendered":"http:\/\/anjafaller.de\/?page_id=50"},"modified":"2015-09-23T15:40:27","modified_gmt":"2015-09-23T15:40:27","slug":"theater-regie","status":"publish","type":"page","link":"https:\/\/anjafaller.de\/?page_id=50","title":{"rendered":"Theater, Regie &#038; Clownerie"},"content":{"rendered":"<p>Neben meiner Leidenschaft des\u00a0Theaterspielens mit den unterschiedlichsten Figuren biete ich au\u00dferdem die eigene Inszenierung sowie Regiearbeit von Theaterst\u00fccken.<\/p>\n<h3>Spa\u00dfkellner<\/h3>\n<p style=\"padding-left: 30px;\">Eine Kellnerin mal anders &#8211; chaotisch, witzig und verr\u00fcckt. Egal ob auf Geburtstag, Hochzeit oder Firmenfeier.\u00a0Eine Kellnerin mal anders &#8211; chaotisch, witzig und verr\u00fcckt. Egal ob auf Geburtstag, Hochzeit oder Firmenfeier.<\/p>\n<h3>Improvisationstheater<\/h3>\n<p style=\"padding-left: 30px;\">Ablesen und einstudieren kann jeder! Aus einem Schlagwort oder einer Situation Schauspielern f\u00f6rdert die Kreativit\u00e4t.\u00a0Ablesen und einstudieren kann jeder! Aus einem Schlagwort oder einer Situation Schauspielern f\u00f6rdert die Kreativit\u00e4t.<\/p>\n<h3>Stra\u00dfentheater<\/h3>\n<p style=\"padding-left: 30px;\">Drau\u00dfen unterwegs und auf der Stra\u00dfe bietet viele Pers\u00f6nlichkeiten.<\/p>\n<h3>M\u00e4rchenerz\u00e4hlen<\/h3>\n<p style=\"padding-left: 30px;\">Ein Buch muss so gelesen und gespielt werden, was es zum Ausdruck bringen soll.<\/p>\n<h3>Regiearbeiten<\/h3>\n<p style=\"padding-left: 30px;\">Regiearbeit und Inszenierung unterschiedlicher Theaterst\u00fccke.<\/p>\n<p>&nbsp;<\/p>\n<h3><a href=\"https:\/\/anjafaller.de\/?page_id=16\">Meine bisherigen Projekte&#8230;<\/a><\/h3>\n","protected":false},"excerpt":{"rendered":"<p>Neben meiner Leidenschaft des\u00a0Theaterspielens mit den unterschiedlichsten Figuren biete ich au\u00dferdem die eigene Inszenierung sowie <a class=\"more-link\" href=\"https:\/\/anjafaller.de\/?page_id=50\">mehr&#8230;<\/a><\/p>\n","protected":false},"author":2,"featured_media":263,"parent":20,"menu_order":0,"comment_status":"closed","ping_status":"closed","template":"","meta":{"ngg_post_thumbnail":0,"footnotes":""},"class_list":["post-50","page","type-page","status-publish","has-post-thumbnail","hentry"],"_links":{"self":[{"href":"https:\/\/anjafaller.de\/index.php?rest_route=\/wp\/v2\/pages\/50","targetHints":{"allow":["GET"]}}],"collection":[{"href":"https:\/\/anjafaller.de\/index.php?rest_route=\/wp\/v2\/pages"}],"about":[{"href":"https:\/\/anjafaller.de\/index.php?rest_route=\/wp\/v2\/types\/page"}],"author":[{"embeddable":true,"href":"https:\/\/anjafaller.de\/index.php?rest_route=\/wp\/v2\/users\/2"}],"replies":[{"embeddable":true,"href":"https:\/\/anjafaller.de\/index.php?rest_route=%2Fwp%2Fv2%2Fcomments&post=50"}],"version-history":[{"count":12,"href":"https:\/\/anjafaller.de\/index.php?rest_route=\/wp\/v2\/pages\/50\/revisions"}],"predecessor-version":[{"id":340,"href":"https:\/\/anjafaller.de\/index.php?rest_route=\/wp\/v2\/pages\/50\/revisions\/340"}],"up":[{"embeddable":true,"href":"https:\/\/anjafaller.de\/index.php?rest_route=\/wp\/v2\/pages\/20"}],"wp:featuredmedia":[{"embeddable":true,"href":"https:\/\/anjafaller.de\/index.php?rest_route=\/wp\/v2\/media\/263"}],"wp:attachment":[{"href":"https:\/\/anjafaller.de\/index.php?rest_route=%2Fwp%2Fv2%2Fmedia&parent=50"}],"curies":[{"name":"wp","href":"https:\/\/api.w.org\/{rel}","templated":true}]}}