{"id":9,"date":"2015-07-06T18:57:47","date_gmt":"2015-07-06T18:57:47","guid":{"rendered":"http:\/\/anjafaller.de\/?page_id=9"},"modified":"2024-06-17T19:07:28","modified_gmt":"2024-06-17T19:07:28","slug":"aktuelles","status":"publish","type":"page","link":"https:\/\/anjafaller.de\/?page_id=9","title":{"rendered":"Termine 2024"},"content":{"rendered":"\n<figure class=\"wp-block-table\"><table><tbody><tr><td>Samstag,<br>13.07.2024<\/td><td><strong>Thusnelda beim Seenachtsfest in Titisee<\/strong><br>Mehr Infos unter: <a href=\"https:\/\/www.hochschwarzwald.de\/\" data-type=\"link\" data-id=\"https:\/\/www.hochschwarzwald.de\/\" target=\"_blank\" rel=\"noreferrer noopener\">www.hochschwarzwald.de<\/a><\/td><\/tr><tr><td>Samstag,<br>20.07.2024<\/td><td><strong>Thusnelda bei der Museumsnacht in Freiburg<\/strong><br>18:30 &#8211; 19:00 Uhr: Thusnelda unterwegs im Haus der grafischen Sammlung, Salzstra\u00dfe 32\/34<br>19:30 &#8211; 20:00 Uhr Thusnelda unterwegs in der Skulpturenhalle Augustiner Museum, Augustinerplatz<br><br><strong>Anja bei der Museumsnacht Freiburg<\/strong><br>23.15 &#8211; 23:45 Uhr M\u00e4rchenerz\u00e4hlen: M\u00e4rchen aus aller Welt im Museum Natur und Mensch, Gerberau 32<br>00:15 &#8211; 00:45 Uhr M\u00e4rchenerz\u00e4hlen: M\u00e4rchen aus aller Welt im Museum Natur und Mensch, Gerberau 32<\/td><\/tr><tr><td>Samstag\/Sonntag<br>03.\/04.08.2024<\/td><td><strong>Seenachtssfest in Schluchsee<\/strong><br>Thusnelda mit Lilly Locke sind wir schon seit vielen Jahren unterwegs.<br>Lilly Locke findet ihr auch unter: <a href=\"http:\/\/www.babsbalou.de\" data-type=\"link\" data-id=\"www.babsbalou.de\" target=\"_blank\" rel=\"noreferrer noopener\">www.babsbalou.de<\/a><\/td><\/tr><\/tbody><\/table><\/figure>\n\n\n\n<figure class=\"wp-block-table\"><table><tbody><tr><td> <strong style=\"color: revert; font-family: &quot;Droid Sans&quot;, sans-serif; font-size: 24px;\">2023<\/strong>         <\/td><td>&nbsp;<\/td><\/tr><tr><td>Samstag,<br>08.07.<\/td><td><strong>Thusnelda zu Besuch beim Sommerfest im Kindergarten Arche Noah, St.Blasien<\/strong><\/td><\/tr><tr><td>Samstag,<br>22.07.<\/td><td><strong>&#8222;Hokuspokus mit Thusnelda&#8220; bei der Museumsnacht im Colombipark in Freiburg<\/strong><br>18:45 Uhr und 19:30 Uhr<\/td><\/tr><tr><td>Freitag,<br>28.07.<\/td><td><strong>Thusnelda zu Besuch beim Lichterfest in Lenzkirch<\/strong><\/td><\/tr><tr><td>Samstag\/Sonntag,<br>05.\/06.08.<\/td><td><strong>Thusnelda und Lilly Locke beim Seenachtsfest in Schluchsee<\/strong><\/td><\/tr><tr><td><\/td><td><\/td><\/tr><tr><td><\/td><td><\/td><\/tr><tr><td><\/td><td><\/td><\/tr><tr><td><\/td><td><\/td><\/tr><tr><td>&nbsp;<\/td><td>&nbsp;<\/td><\/tr><\/tbody><\/table><\/figure>\n\n\n\n<figure class=\"wp-block-table\"><table><tbody><tr><td> <strong style=\"color: revert; font-family: &quot;Droid Sans&quot;, sans-serif; font-size: 24px;\">2022<\/strong>          <\/td><td>&nbsp;<\/td><\/tr><tr><td>Sonntag,<br>10.07.<\/td><td><strong>Thusnelda zu Besuch bei der Privatbrauerei Rogg KG in Lenzkirch<\/strong><br>13:00 \u2013 15:00 Uhr<\/td><\/tr><tr><td>Samstag,<br>16.07.<\/td><td><strong>Thusnelda zu Besuch beim Seenachtsfest in Titisee<\/strong><br>19:00 \u2013 22:00 Uhr<\/td><\/tr><tr><td>Freitag,<br>22.07.<\/td><td><strong>Thusnelda zu Besuch beim Lichterfest in Lenzkirch<\/strong><br>19:00 \u2013 21:00 Uhr<\/td><\/tr><tr><td>Samstag,<br>06.08.<\/td><td><strong>Thusnelda und Clownin Lilly unterwegs auf dem Seenachtsfest in Schluchsee<\/strong><br>15:00 \u2013 19:00 Uhr<\/td><\/tr><tr><td>Sonntag<br>07.08.<\/td><td><strong>Thusnelda und Clownin Lilly unterwegs auf dem Seenachtsfest in Schluchsee<\/strong><br>12:00 \u2013 16:00 Uhr<\/td><\/tr><tr><td>Samstag,<br>13.08.<\/td><td><strong>100 Jahre Liebeslieder in St.Peter<\/strong><br>Altbekannte deutsche und englische Liebeslieder, Gassenhauer wie Lilly Marleen<br><br><em>Am Piano: Jens Hagen Wegner<br>Gesang: Gorica K\u00fcrner<br>Comedy: Anja Faller alias \u201eThusnelda\u201c<\/em><\/td><\/tr><tr><td>Samstag, <br>27.08.<\/td><td><strong>\u201eKunscht\u201c in Lenzkirch mit 100 Jahre Liebeslieder<\/strong><br>Altbekannte deutsche und englische Liebeslieder, Gassenhauer wie Lilly Marleen<br><br><em>Am Piano: Jens Hagen Wegner<br>Gesang: Gorica K\u00fcrner<br>Comedy: Anja Faller alias \u201eThusnelda\u201c<\/em><\/td><\/tr><tr><td>Samstag, 17.09.<\/td><td><strong>100 Jahre Liebeslieder in St.Peter<\/strong><br>Altbekannte deutsche und englische Liebeslieder, Gassenhauer wie Lilly Marleen<br><br><em>Am Piano: Jens Hagen Wegner<br>Gesang: Gorica K\u00fcrner<br>Comedy: Anja Faller alias \u201eThusnelda\u201c<\/em><\/td><\/tr><tr><td>&nbsp;<\/td><td>&nbsp;<\/td><\/tr><\/tbody><\/table><\/figure>\n\n\n\n<figure class=\"wp-block-table\"><table><tbody><tr><td>\n<h3><strong>2021<\/strong><\/h3>\n<\/td><td>&nbsp;<\/td><\/tr><tr><td>18.07.<\/td><td>Thusnelda unterwegs &#8211; Verkaufsoffener Sonntag in Todtnau, 14:00 \u2013 16:00 Uhr<\/td><\/tr><tr><td>24.07.<\/td><td><strong>\u201eKunscht uff \u0301em Kirchplatz\u201c &#8211; 100 Jahre Liebeslieder<\/strong><br>Beginn: 18:00 Uhr mit der Stadtmusik Lenzkirch; 19:00 Uhr \u201eSOULID\u201c doda an friends\n<p>&nbsp;<\/p>\n<p><em>Dieser Titel verspricht einen romantischen und vergn\u00fcglichen Abend. Jens Hagen Werner (Piano) und Gorica K\u00fcrner (Stimme) von \u201eSOULID-Doda and Friends\u201c haben sich f\u00fcr dieses Programm mit Anja Faller, alias Clownin Thusnelda zusammengetan. <\/em><strong><a href=\"https:\/\/www.wutachschlucht.de\/Veranstaltungen\/Kunscht-uff-em-Kirchplatz?value=2021-07-24\" target=\"_blank\" rel=\"noopener\">Mehr Infos&#8230;<\/a><\/strong><\/p>\n<\/td><\/tr><tr><td>01.08.<\/td><td>Thusnelda unterwegs &#8211; Verkaufsoffener Sonntag in Todtnau, 14:00 &#8211; 16:00 Uhr<\/td><\/tr><tr><td>06.08.<\/td><td>&#8222;Erfrischende Momente&#8220; &#8211; Thusnelda unterwegs im Schwimmbad,<br>Todtnauberg 17:30 &#8211; 19:30 Uhr<\/td><\/tr><tr><td>13.08.<\/td><td>&#8222;Erfrischende Momente&#8220; &#8211; Thusnelda unterwegs im Kurpark,<br>Todtmoos 17:00 &#8211; 19:00 Uhr<\/td><\/tr><tr><td>14.08.<\/td><td><strong>&#8222;100 Jahre Liebeslieder&#8220;<br><\/strong>19:30 &#8211; 21:00 Uhr in St.M\u00e4rgen\n<p>&nbsp;<\/p>\n<p><em>Dieser Titel verspricht einen romantischen und vergn\u00fcglichen Abend. JensHagen Wegner (Piano) und Gorica K\u00fcrner (Stimme) von \u201eSOULID &#8211; Doda and Friends\u201c haben sich f\u00fcr dieses Programm mit Anja Faller, alias \u201eTussnelda\u201c zusammengetan. <\/em><strong><a href=\"https:\/\/www.hochschwarzwald.de\/event\/100-jahre-liebeslieder-f302f6f4b8\" target=\"_blank\" rel=\"noopener\">Mehr Infos&#8230;<\/a><\/strong><\/p>\n<\/td><\/tr><tr><td>27.08.<\/td><td>&#8222;Erfrischende Momente&#8220; &#8211; Thusnelda unterwegs im Schwimmbad,<br>Todtnauberg 17:30 &#8211; 19:30 Uhr<\/td><\/tr><tr><td>&nbsp;<\/td><td>&nbsp;<\/td><\/tr><tr><td>&nbsp;<\/td><td>&nbsp;<\/td><\/tr><\/tbody><\/table><\/figure>\n\n\n\n<figure class=\"wp-block-table\"><table><tbody><tr><td>\n<h3><strong>2020<\/strong><\/h3>\n<\/td><td>&nbsp;<\/td><\/tr><tr><td>21.02.<\/td><td>Thusnelda bei der Kinderfasnet im Pfarrheim St. Peter, Beginn 14.11 Uhr<\/td><\/tr><tr><td>22.02.<\/td><td>Moderation bei der Hallenfasnet im Pfarrheim St. Peter, Beginn 20.11 Uhr<\/td><\/tr><tr><td>12.05.<\/td><td>Badenova Kindertheater bei den Forschertagen in Bad Krozingen.<br>Info zur Veranstaltung unter: <a href=\"https:\/\/www.wowissenwaechst.de\/\" target=\"_blank\" rel=\"noopener noreferrer\">www.wowissenwaechst.de<\/a><\/td><\/tr><tr><td>13.05.<\/td><td>Badenova Kindertheater bei den Forschertagen in Bad Krozingen.<br>Info zur Veranstaltung unter: <a href=\"https:\/\/www.wowissenwaechst.de\/\" target=\"_blank\" rel=\"noopener noreferrer\">www.wowissenwaechst.de<\/a><\/td><\/tr><tr><td>28.06.<\/td><td>Thusnelda unterwegs beim Hochschwarzw\u00e4lder Familienfest auf dem Feldberg<br>Beginn: 11.00 Uhr<\/td><\/tr><tr><td>21.07.<\/td><td>Theaterspielen f\u00fcr Kinder mit Auff\u00fchrung. Ganzer Tag in Lenzkirch<\/td><\/tr><tr><td>04.08.<\/td><td>Theaterspielen f\u00fcr Kinder mit Auff\u00fchrung. Ganzer Tag in Lenzkirch<\/td><\/tr><tr><td>31.07.<\/td><td>Thusnelda beim Lichterfest in Lenzkirch ab 19.00 Uhr<\/td><\/tr><tr><td>13.09.<\/td><td>Thusnelda bei der Lenzkircher &#8222;Vielfalt&#8220;. 13.30 &#8211; 15.00 Uhr<\/td><\/tr><\/tbody><\/table><\/figure>\n\n\n\n<figure class=\"wp-block-table\"><table><tbody><tr><td>\n<h3><strong>2019<\/strong><\/h3>\n<\/td><td>&nbsp;<\/td><\/tr><tr><td><strong>01.03.<\/strong><\/td><td>Thusnelda bei der Kinderfasnet in St. Peter<\/td><\/tr><tr><td><strong>02.03.<\/strong><\/td><td>Fasnet St. Peter, Moderation ab 20.11 Uhr<\/td><\/tr><tr><td><strong>15.06.<\/strong><\/td><td>Clownin Thusnelda mit dem Stra\u00dfentheater Al-Dente beim Dorffest in Grafenhausen ab 16.00 Uhr<\/td><\/tr><tr><td><strong>16.06.<\/strong><\/td><td>Clownin Thusnelda mit dem Stra\u00dfentheater Al-Dente beim Dorffest in Grafenhausen ab 16.00 Uhr<\/td><\/tr><tr><td><strong>20.07.<\/strong><\/td><td>BADENOVA: Kindertheater Museumsnacht in Freiburg<\/td><\/tr><tr><td><strong>21.07.<\/strong><\/td><td>Clownin Thusnelda beim Naturparkmarkt in Grafenhausen ab 14.00 Uhr<\/td><\/tr><tr><td><strong>26.07.<\/strong><\/td><td>Clownin Thusnelda beim Lichterfest in Lenzkirch (noch keine Uhrzeit evtl. 19.00)<\/td><\/tr><tr><td><strong>29.09.<\/strong><\/td><td>Clownin Thusnelda beim Naturparkmarkt in Todtnau ab 14.00 Uhr<\/td><\/tr><tr><td><strong>27.\/28.\/29.\/30.12.<\/strong><\/td><td>Clownin Thusnelda verk\u00fcrzt euch die Wartezeit f\u00fcr den Eintritt ins Badeparadies-Schwarzwald in Neustadt. Keine schlechte Laune mehr wenn man lange warten muss bis man endlich ins Badeparadies gehen kann. Denn Thusnleda hat viele Dinge dabei um euch allen eine lustige Wartezeit zu bescheren und vielleicht springt sie auch selber noch ins Wasser. Lasst Euch \u00fcberraschen!!!<br>Immer von 11.00 bis 14.00 Uhr<\/td><\/tr><\/tbody><\/table><\/figure>\n\n\n\n<figure class=\"wp-block-table\"><table><tbody><tr><td>\n<h3><span style=\"font-size: 16px; font-weight: 400;\">2018<\/span><\/h3>\n<\/td><td>&nbsp;<\/td><\/tr><tr><td>10.02.<\/td><td>Moderation N\u00e4rrische Fasnet in St. Peter. Beginn 20.11 Uhr<\/td><\/tr><tr><td>09.06.<\/td><td>Thusnelda unterwegs beim 25-j\u00e4hriges Firmenjubil\u00e4um, Firma Rena, 78148 G\u00fctenbach, 14.00 &#8211; 17.00 Uhr<\/td><\/tr><tr><td>16.06.<\/td><td>Badenova Kindertheater bei der Landesgartenschau in Lahr<\/td><\/tr><tr><td>30.06.<\/td><td>Sommerfest, Kindergarten Arche Noah, St. Blasien<\/td><\/tr><tr><td>15.07.<\/td><td>Clownin Thusnelda unterwegs in Grafenhausen im Skulpturenpark von 13.00 &#8211; 16.00Uhr<\/td><\/tr><tr><td>21.07.<\/td><td>Badenova Kindertheater bei der Museumsnacht in Freiburg, 18:15 Uhr<\/td><\/tr><tr><td>22.07.<\/td><td>Badenova-Kindertheater, Kinderfestival in Lahr<\/td><\/tr><tr><td>27.07.<\/td><td>Thusnelda unterwegs beim Lichterfest in Lenzkirch ab 19.30 Uhr<\/td><\/tr><tr><td>04.\/05.08.<\/td><td>Thusnelda und Ihre Freund unterwegs beim Seenachtsfest in Schluchsee<\/td><\/tr><tr><td>09.09.<\/td><td>Thusnelda unterwegs beim Naturparkmarkt in Lenzkirch ab 14.00 Uhr<\/td><\/tr><tr><td>30.09.<\/td><td>Badenova Kindertheater in Offenburg-Messe, Stromerchen und Badi: &#8222;Strom sparen-nix leichter als das!&#8220;, 12.30 Uhr und 14.00Uhr<\/td><\/tr><tr><td>03.10.<\/td><td>Badenova Kindertheater in Offenburg-Messe, Stromerchen und Badi: &#8222;Strom sparen-nix leichter als das!&#8220;, 12.30Uhr und 14.00Uhr<\/td><\/tr><tr><td>16.11.<\/td><td>Moderation OFF-Jubil\u00e4um, Historisches Kaufhaus\/Kaisersaal, Freiburg<\/td><\/tr><tr><td>&nbsp;<\/td><\/tr><tr><td>\n<h3><span style=\"font-size: 16px; font-weight: 400;\">2017<\/span><\/h3>\n<\/td><td>&nbsp;<\/td><\/tr><tr><td>03.11.<\/td><td>Comedymen\u00fc mit Clownin Thusnelda, Hotel L\u00f6wen St. M\u00e4rgen.<br>Beginn: 19.00 Uhr<\/td><\/tr><tr><td>21.10.<\/td><td>Compagnia Mutabile \u201ePiazza\u201c Musikalisches Maskentheater in Zollikofen\/Schweiz, Beginn 17:00 Uhr<\/td><\/tr><tr><td>08.10.<\/td><td>Compagnia Mutabile \u201ePiazza\u201c Musikalisches Maskentheater in Truebschachen\/Schweiz, Beginn 20:00 Uhr<\/td><\/tr><tr><td>06.08.<\/td><td>Clownin Thusnelda unterwegs auf dem Seenachtsfest in Schluchsee, ab 10:00 Uhr<\/td><\/tr><tr><td>05.08.<\/td><td>Clownin Thusnelda unterwegs auf dem Seenachtsfest in Schluchsee, ab 14:00 Uhr<\/td><\/tr><tr><td>04.08.<\/td><td>Clownin Thusnelda beim Lichterfest Lenzkirch, Kurpark Lenzkirch<br>Einlass ab 18:00 Uhr<br>Mehr Infos zum Lichterfest unter:&nbsp;<a title=\"Die Webseite www.lenzkirch-schwarzwald.de besuchen\" href=\"http:\/\/www.lenzkirch-schwarzwald.de\" target=\"_blank\" rel=\"noopener noreferrer\">www.lenzkirch-schwarzwald.de<\/a><\/td><\/tr><tr><td>23.07.<\/td><td>Thusnelda unterwegs in Grafenhausen Naturparkmarkt. Walk Act von 14.00 bis 16.30 Uhr<\/td><\/tr><tr><td>23.07.<\/td><td>Thusnelda unterwegs beim Familienfest auf dem Feldberg. Walk Act von 11.00 bis 13.00 Uhr<\/td><\/tr><tr><td>16.07.<\/td><td>Badenova Kindertheater: Ein neuer Fall f\u00fcr Stromerchen und Badi, Lahr, Kinderfestival im Stadtpark, Vorstellung um 11.00 \/ 13.00 und 16.00 Uhr<\/td><\/tr><tr><td>01.07.<\/td><td>Clownin Thusnelda, St. Blasien<\/td><\/tr><tr><td>25.06.<\/td><td>Badenova Kindertheater: Ein neuer Fall f\u00fcr Stromerchen und Badi, 775 Jahre B\u00fchl, Vorstellung um 14.00 und 16.00 Uhr<\/td><\/tr><tr><td>03.-04.06.<\/td><td>Al-Dente Stra\u00dfentheater beim L\u00fcdenscheider Street Food Festival, L\u00fcdenscheid<\/td><\/tr><tr><td>17.05<\/td><td>Badenova Kindertheater: Ein neuer Fall f\u00fcr Stromerchen und Badi , Tuttlingen<\/td><\/tr><tr><td>15.05<\/td><td>Badenova Kindertheater: Ein neuer Fall f\u00fcr Stromerchen und Badi , Freiburg<\/td><\/tr><tr><td>11.05<\/td><td>Badenova Kindertheater: Ein neuer Fall f\u00fcr Stromerchen und Badi , Offenburg<\/td><\/tr><tr><td>10.05<\/td><td>Badenova Kindertheater: Ein neuer Fall f\u00fcr Stromerchen und Badi , L\u00f6rrach<\/td><\/tr><tr><td>08.05<\/td><td>Badenova Kindertheater: Ein neuer Fall f\u00fcr Stromerchen und Badi , Waldshut-Tiengen<\/td><\/tr><tr><td>07.04<\/td><td>\u201eFreunde finden die helfen\u201c Veranstaltung \u00fcber Sucht ist Sehnsucht. Im Mehrgenerationanhaus EBW<br>Freiburg Weingarten, Beginn 18.00 Uhr mehr Infos unter: <a href=\"http:\/\/www.freundeskreis-freiburg.com\" target=\"_blank\" rel=\"noopener noreferrer\">www.freundeskreis-freiburg.com<\/a><\/td><\/tr><tr><td>25.02<\/td><td>Moderation N\u00e4rrischer Fasnetabend, St. Peter<br>Beginn: 20.11 Uhr<\/td><\/tr><tr><td>19.02.<\/td><td>GETEC-Freiburg Messe, BADENOVA Kindertheater \u201ePrima \u2013 Klima&#8220;<br>Beginn: 14.00 und 16.00Uhr<\/td><\/tr><tr><td>18.02<\/td><td>GETEC-Freiburg Messe, BADENOVA Kindertheater \u201ePrima \u2013 Klima&#8220;<br>Beginn: 15.00Uhr<\/td><\/tr><tr><td>22.01.<\/td><td>Compagnia Mutabile. \u201ePiazza\u201c Maskentheater in Biel\/Schweiz, Rennweg<br><a href=\"http:\/\/www.rennweg26.ch\" target=\"_blank\" rel=\"noopener noreferrer\">www.rennweg26.ch<\/a><\/td><\/tr><tr><td>&nbsp;<\/td><td>&nbsp;<\/td><\/tr><tr><td>\n<h3><span style=\"font-size: 16px; font-weight: 400;\">2016<\/span><\/h3>\n<\/td><td>&nbsp;<\/td><\/tr><tr><td>30.12.<\/td><td>Maskenspiel beim Kleinkunststag, Kulturfabrik Kofmehl in Solothurn<br><a href=\"http:\/\/www.kofmehl.net\" target=\"_blank\" rel=\"noopener noreferrer\">www.kofmehl.net<\/a><\/td><\/tr><tr><td>06.11.<\/td><td>Compagnia Mutabile. \u201ePiazza\u201c ein Musikalisches Maskentheater. Figurentheaterfestival in La Chaux de Fonds\/Schweiz<br><a href=\"http:\/\/www.figuresco.ch\" target=\"_blank\" rel=\"noopener noreferrer\">www.figuresco.ch<\/a><\/td><\/tr><tr><td>04.11.<\/td><td>Hotel L\u00f6wen St. M\u00e4rgen, \u201eComedy Men\u00fc\u201c mit Clownin Thusnelda<\/td><\/tr><tr><td>08.10.<\/td><td>Compagnia Mutabile. \u201ePiazza\u201c ein Musialisches Maskentheater. In 79271 St. Peter\/Schwarzwald Pfarrheim, Beginn 20.00 Uhr<br><a href=\"http:\/\/www.compagnia-mutabile.ch\" target=\"_blank\" rel=\"noopener noreferrer\">www.compagnia-mutabile.ch<\/a><\/td><\/tr><tr><td>02.10.<\/td><td>Badenova Kindertheater mit Stromerchen und Badi bei der Oberrheinmesse in Offenburg: &#8222;Prima, Klima?!&#8220;<\/td><\/tr><tr><td>25.09.<\/td><td>Badenova Kindertheater mit Stromerchen und Badi bei der Oberrheinmesse in Offenburg: &#8222;Prima, Klima?!&#8220;<\/td><\/tr><tr><td>10.09.<\/td><td>Rossfest St. M\u00e4rgen, Kindertheater mit der Clownin Thusnelda:&nbsp;&#8222;Thusnelda macht Ferien&#8220;<\/td><\/tr><tr><td>31.08.<\/td><td>\u201eThusnelda macht Ferien\u201c ein Clowntheater f\u00fcr Gro\u00df und Klein. L\u00f6ffingen<\/td><\/tr><tr><td>06.-07.08.<\/td><td>&#8222;Stra\u00dfentheater Al Dente&#8220;, Luftballon-Kunst, Clowns, Stelzenlaufen, Puppen, uvm., Seenachtsfest in Schluchsee<\/td><\/tr><tr><td>05.08.<\/td><td>Freitag-Abend-Spektakel in der Fu\u00dfg\u00e4ngerzone Kirchzarten, &#8222;Thusnelda`s kleine Clownshow&#8220;, 19:00 Uhr<\/td><\/tr><tr><td>31.07.<\/td><td>Thusnelda \u201eWalk act unterwegs auf der Stra\u00dfe beim Internationalen K\u00fcnstersymposium Grafenhausen<\/td><\/tr><tr><td>29.07.&nbsp;<\/td><td>Lichterfest in Lenzkirch, Kurpark, 19:00 Uhr<br>Infos unter <a href=\"http:\/\/www.hochschwarzwald.de\" target=\"_blank\" rel=\"noopener noreferrer\">www.hochschwarzwald.de<\/a><\/td><\/tr><tr><td>28.07.<\/td><td>\u201eThusnelda macht Ferien\u201c ein Clowntheater f\u00fcr Gro\u00df und Klein. L\u00f6ffingen<\/td><\/tr><tr><td>25.-26.07.<\/td><td>Kuckulina. M\u00e4rchenerz\u00e4hlen beim Internationalen K\u00fcnstersymposium Grafenhausen<\/td><\/tr><tr><td>24.07.<\/td><td>Thusnelda \u201eWalk act unterwegs auf der Stra\u00dfe beim Internationalen K\u00fcnstersymposium Grafenhausen www.skulpturen-im-park.de<\/td><\/tr><tr><td>14.06.<\/td><td>\u201eThusnelda l\u00e4sst\u00b4s krachen\u201c. Forschertag f\u00fcr Kinder in Waldshut<\/td><\/tr><tr><td>10.06.<\/td><td>Street Art Festival in Blumberg unterwegs mit WalkAct \u201eDie M\u00fcllfrauen\u201c Franzi und Rosi<\/td><\/tr><tr><td>09.06.<\/td><td>Street Art Festival in Blumberg unterwegs mit WalkAct \u201eDie M\u00fcllfrauen\u201c Franzi und Rosi<\/td><\/tr><tr><td>04.-05.06.<\/td><td>Stra\u00dfentheater \u201eAl Dente\u201c. Ganzt\u00e4gig bei der Gewerbeschau St. Peter www.hth-st-peter.de<\/td><\/tr><tr><td>21.04.<\/td><td>Badenova Kindertheater, \u201ePrima Klima\u201c, Lahr, 10.30Uhr<\/td><\/tr><tr><td>20.04.<\/td><td>Badenova Kindertheater, \u201ePrima Klima\u201c, Tuttlingen, 10.30Uhr<\/td><\/tr><tr><td>19.04.<\/td><td>Badenova Kindertheater, \u201ePrima Klima\u201c, Oberndorf, 9.00Uhr und 10.30Uhr<\/td><\/tr><tr><td>18.04.<\/td><td>Badenova Kindertheater, \u201ePrima Klima\u201c, Offenburg, 10.30Uhr<\/td><\/tr><tr><td>15.04.<\/td><td>Badenova Kindertheater, \u201ePrima Klima\u201c, Freiburg, 10.30Uhr<\/td><\/tr><tr><td>14.04.<\/td><td>Badenova Kindertheater, \u201ePrima Klima\u201c, Freiburg, 9.30Uhr und 11.00Uhr<\/td><\/tr><tr><td>13.04.<\/td><td>Badenova Kindertheater, \u201ePrima Klima\u201c, L\u00f6rrach, 9.00Uhr<\/td><\/tr><tr><td>12.04.<\/td><td>Badenova Kindertheater, \u201ePrima Klima\u201c, Sinzheim, 9.00Uhr und 10.30Uhr<\/td><\/tr><tr><td>11.04.<\/td><td>Badenova Kindertheater, \u201ePrima Klima\u201c, Waldshut-Tiengen, 9.00Uhr und 10.30Uhr<\/td><\/tr><tr><td>05.03.<\/td><td>Piazza, ein Musikalisches Maskentheater, Buchegg Schweiz, 20.00Uhr<\/td><\/tr><tr><td>28.02.<\/td><td>GETEC Freiburg, Messe, BADENOVA Kindertheater 14.00Uhr und 16.00Uhr<\/td><\/tr><tr><td>27.02.<\/td><td>GETEC Freiburg, Messe, BADENOVA Kindertheater 15.00Uhr<\/td><\/tr><tr><td>06.02.<\/td><td>Fasnetball in St. Peter. Beginn 20.11Uhr<\/td><\/tr><tr><td>25.-28.01.<\/td><td>28. Internationale Kulturb\u00f6rse, Freiburg.<\/td><\/tr><tr><td>\n<h3><span style=\"font-size: 16px; font-weight: 400;\">2015<\/span><\/h3>\n<\/td><td>&nbsp;<\/td><\/tr><tr><td>27.11.<\/td><td>Musikalisches Maskentheater \u201ePiazza\u201c in Oberthal, Emmental Schweiz.<\/td><\/tr><tr><td>21.11.<\/td><td>Clowntheater &#8222;Mit Stromerchen und Badi auf Entdeckungstour&#8220; in Zunsweier<\/td><\/tr><tr><td>06.11.<\/td><td>Comedy-Dinner mit Thusnelda, im Hotel L\u00f6wen St. M\u00e4rgen<\/td><\/tr><tr><td>31.10.&nbsp;20:00Uhr<\/td><td>&#8222;Mir selber&#8220; Veranstaltung der St. M\u00e4rgemer K\u00fcnstler, in der Schwarzwaldhalle St. M\u00e4rgen<\/td><\/tr><tr><td>03.10.<\/td><td>Clowntheater&nbsp;&#8222;Mit Stromerchen und Badi auf Entdeckungstour&#8220; in Offenburg Oberrheinmesse<\/td><\/tr><tr><td>27.09.<\/td><td>Clowntheater&#8220;Mit Stromerchen und Badi auf Entdeckungstour&#8220; in Offenburg Oberrheinmesse<\/td><\/tr><tr><td>13.09. 13 &#8211; 16:00 Uhr<\/td><td>Feuerwehr Oldtimertreffen in Lenzkirch-Saig<\/td><\/tr><tr><td>19.08.&nbsp;16:00Uhr<\/td><td>Clowntheater &#8222;Thusnelda l\u00e4sst es krachen&#8220; in Hinterzarten<\/td><\/tr><tr><td>11.08.&nbsp;16:00Uhr<\/td><td>Clowntheater &#8222;Thusnelda l\u00e4sst es krachen&#8220; in&nbsp;L\u00f6ffingen<\/td><\/tr><tr><td>31.07.&nbsp;16:00Uhr<\/td><td>Clownin Thusnelda unterwegs beim Lichterfest in Lenzkirch<\/td><\/tr><tr><td>17.07.&nbsp;16:00Uhr<\/td><td>Clowntheater &#8222;Thusnelda l\u00e4sst es krachen&#8220; in Hinterzarten<\/td><\/tr><tr><td>14.07.&nbsp;16:00Uhr<\/td><td>Clowntheater &#8222;Thusnelda l\u00e4sst es krachen&#8220; in L\u00f6ffingen<\/td><\/tr><tr><td>31.05.&nbsp;20:00Uhr<\/td><td>Compagnia Mutabile, Maskentheater &#8222;PIAZZA&#8220; in Solothur<\/td><\/tr><tr><td>30.05.&nbsp;20:00Uhr<\/td><td>Compagnia Mutabile, Maskentheater &#8222;PIAZZA&#8220; in Solothur PREMIERE<\/td><\/tr><tr><td>12.05.&nbsp;16:00Uhr<\/td><td>&#8222;Mit Stromerchen und Badi auf Entdeckungstour&#8220; in Freiburg<\/td><\/tr><tr><td>11.05.&nbsp;16:00Uhr<\/td><td>&#8222;Mit Stromerchen und Badi auf Entdeckungstour&#8220; in Freiburg<\/td><\/tr><tr><td>08.05.&nbsp;16:00Uhr<\/td><td>&#8222;Mit Stromerchen und Badi auf Entdeckungstour&#8220; in&nbsp;Oberndorf<\/td><\/tr><tr><td>07.05.&nbsp;16:00Uhr<\/td><td>&#8222;Mit Stromerchen und Badi auf Entdeckungstour&#8220; in&nbsp;Offenburg<\/td><\/tr><tr><td>06.05.&nbsp;16:00Uhr<\/td><td>&#8222;Mit Stromerchen und Badi auf Entdeckungstour&#8220; in&nbsp;Sinzheim<\/td><\/tr><tr><td>05.05.&nbsp;16:00Uhr<\/td><td>&#8222;Mit Stromerchen und Badi auf Entdeckungstour&#8220; in&nbsp;Lahr<\/td><\/tr><tr><td>04.04.&nbsp;16:00Uhr<\/td><td>&#8222;Mit Stromerchen und Badi auf Entdeckungstour&#8220; in Tuttlingen<\/td><\/tr><tr><td>30.04.&nbsp;16:00Uhr<\/td><td>&#8222;Mit Stromerchen und Badi auf Entdeckungstour&#8220; in Waldshut-Tiengen<\/td><\/tr><tr><td>29.04.&nbsp;16:00Uhr<\/td><td>&#8222;Mit Stromerchen und Badi auf Entdeckungstour&#8220; in&nbsp;L\u00f6rrach<\/td><\/tr><tr><td>27.04.&nbsp;16:00Uhr<\/td><td>&#8222;Mit Stromerchen und Badi auf Entdeckungstour&#8220; in Breisach<\/td><\/tr><tr><td>01.03.&nbsp;15:00Uhr<\/td><td>&#8222;Stromerchen und Badi machen die Welt ein bisschen gr\u00fcner&#8220;&nbsp;GETEC in Freiburg<\/td><\/tr><tr><td>28.02.&nbsp;14:00 &amp; 15:00Uhr<\/td><td>&#8222;Stromerchen und Badi machen die Welt ein bisschen gr\u00fcner&#8220;&nbsp;GETEC in Freiburg<\/td><\/tr><tr><td>\n<h3><span style=\"font-size: 16px; font-weight: 400;\">2014<\/span><\/h3>\n<\/td><td>&nbsp;<\/td><\/tr><tr><td>14.12.17:00 Uhr<\/td><td>Benefizveranstaltung im Circolo Freiburg, Freiburg-f\u00fcr-Freiburg, Freiburg.<\/td><\/tr><tr><td>29.11.14:00 Uhr<\/td><td>Walk-Act mit Thusnelda, Wintermarkt in Schluchsee.<\/td><\/tr><tr><td>07.11.19:00 Uhr<\/td><td>Comedy-Men\u00fc, im Hotel L\u00f6wen St. M\u00e4rgen<\/td><\/tr><tr><td>25.10.14:30 Uhr<\/td><td>M\u00e4rchenerz\u00e4hlen in Hinterzarten: &#8222;Rotk\u00e4ppchen im M\u00e4rchenwald&#8220;, Hinterzarten<\/td><\/tr><tr><td>14.12.18:00 Uhr<\/td><td>&#8222;Do Staunsch &#8211; Schwarzwald f\u00fcr Anf\u00e4nger und Fortgeschrittene&#8220;, Schluchsee<\/td><\/tr><tr><td>28.08.16:00 Uhr<\/td><td>&#8222;Paula l\u00e4sst es krachen!&#8220;; im Kurhaus in Schluchsee.<\/td><\/tr><tr><td>24.08.16:00 Uhr<\/td><td>&#8222;Paula l\u00e4sst es krachen!&#8220;; in Titsee.<\/td><\/tr><tr><td>14.08.16:00 Uhr<\/td><td>&#8222;Paula l\u00e4sst es krachen!&#8220;; in Hinterzarten.<\/td><\/tr><tr><td>24.06.17:00 Uhr<\/td><td>Benefizveranstaltung im Circolo Freiburg, Freiburg-f\u00fcr-Freiburg, Freiburg.<\/td><\/tr><tr><td>03.10.17:00 Uhr<\/td><td>BADENOVA Kindertheater, &#8222;Stromerchen und Badi machen die Welt ein bisschen gr\u00fcner, Offenburg<\/td><\/tr><tr><td>28.09.17:00 Uhr<\/td><td>BADENOVA Kindertheater, &#8222;Stromerchen und Badi machen die Welt ein bisschen gr\u00fcner, Offenburg<\/td><\/tr><tr><td>23.05.17:00 Uhr<\/td><td>BADENOVA Kindertheater, &#8222;Stromerchen und Badi machen die Welt ein bisschen gr\u00fcner, Oberndorf<\/td><\/tr><tr><td>22.05.17:00 Uhr<\/td><td>BADENOVA Kindertheater, &#8222;Stromerchen und Badi machen die Welt ein bisschen gr\u00fcner, Sinzheim<\/td><\/tr><tr><td>21.05.17:00 Uhr<\/td><td>BBADENOVA Kindertheater, &#8222;Stromerchen und Badi machen die Welt ein bisschen gr\u00fcner, Lahr<\/td><\/tr><tr><td>20.05.17:00 Uhr<\/td><td>BADENOVA Kindertheater, &#8222;Stromerchen und Badi machen die Welt ein bisschen gr\u00fcner, Tuttlingen<\/td><\/tr><tr><td>19.05.17:00 Uhr<\/td><td>BADENOVA Kindertheater, &#8222;Stromerchen und Badi machen die Welt ein bisschen gr\u00fcner, Waldshut-Tiengen<\/td><\/tr><tr><td>16.05.17:00 Uhr<\/td><td>BADENOVA Kindertheater, &#8222;Stromerchen und Badi machen die Welt ein bisschen gr\u00fcner, L\u00f6rrach<\/td><\/tr><tr><td>15.05.17:00 Uhr<\/td><td>BADENOVA Kindertheater, &#8222;Stromerchen und Badi machen die Welt ein bisschen gr\u00fcner, Breisach<\/td><\/tr><tr><td>24.05.17:00 Uhr<\/td><td>BADENOVA Kindertheater, &#8222;Stromerchen und Badi machen die Welt ein bisschen gr\u00fcner, Freiburg<\/td><\/tr><\/tbody><\/table><\/figure>\n","protected":false},"excerpt":{"rendered":"<p>Samstag,13.07.2024 Thusnelda beim Seenachtsfest in TitiseeMehr Infos unter: www.hochschwarzwald.de Samstag,20.07.2024 Thusnelda bei der Museumsnacht in <a class=\"more-link\" href=\"https:\/\/anjafaller.de\/?page_id=9\">mehr&#8230;<\/a><\/p>\n","protected":false},"author":2,"featured_media":0,"parent":0,"menu_order":2,"comment_status":"closed","ping_status":"closed","template":"","meta":{"ngg_post_thumbnail":0,"footnotes":""},"class_list":["post-9","page","type-page","status-publish","hentry"],"_links":{"self":[{"href":"https:\/\/anjafaller.de\/index.php?rest_route=\/wp\/v2\/pages\/9","targetHints":{"allow":["GET"]}}],"collection":[{"href":"https:\/\/anjafaller.de\/index.php?rest_route=\/wp\/v2\/pages"}],"about":[{"href":"https:\/\/anjafaller.de\/index.php?rest_route=\/wp\/v2\/types\/page"}],"author":[{"embeddable":true,"href":"https:\/\/anjafaller.de\/index.php?rest_route=\/wp\/v2\/users\/2"}],"replies":[{"embeddable":true,"href":"https:\/\/anjafaller.de\/index.php?rest_route=%2Fwp%2Fv2%2Fcomments&post=9"}],"version-history":[{"count":105,"href":"https:\/\/anjafaller.de\/index.php?rest_route=\/wp\/v2\/pages\/9\/revisions"}],"predecessor-version":[{"id":534,"href":"https:\/\/anjafaller.de\/index.php?rest_route=\/wp\/v2\/pages\/9\/revisions\/534"}],"wp:attachment":[{"href":"https:\/\/anjafaller.de\/index.php?rest_route=%2Fwp%2Fv2%2Fmedia&parent=9"}],"curies":[{"name":"wp","href":"https:\/\/api.w.org\/{rel}","templated":true}]}}